{"id":5442,"date":"2025-08-19T09:03:56","date_gmt":"2025-08-19T09:03:56","guid":{"rendered":"https:\/\/exclusive-corporation.com\/?post_type=product&#038;p=5442"},"modified":"2025-09-04T10:21:44","modified_gmt":"2025-09-04T10:21:44","slug":"gynex-cream-45ml","status":"publish","type":"product","link":"https:\/\/exclusive-corporation.com\/en\/product\/gynex-cream-45ml\/","title":{"rendered":"GYNEX CREAM 45ml"},"content":{"rendered":"","protected":false},"excerpt":{"rendered":"<p><strong><span dir=\"auto\">P\u00ebrb\u00ebrja:<\/span><br \/>\n<\/strong><span dir=\"auto\">Vaj Ravensara,<\/span><br \/>\n<span dir=\"auto\">vaj peme \u00e7aji,<\/span><br \/>\n<span dir=\"auto\">vaj hisopi,<\/span><br \/>\n<span dir=\"auto\">balsam, ekstrakt menteje, p\u00ebrb\u00ebr\u00ebs\u00a0ndihm\u00ebs t\u00eb<\/span><br \/>\n<span dir=\"auto\">vitamin\u00ebs E.<\/span><\/p>\n<p><strong><span dir=\"auto\">Directions for use:<\/span><\/strong><br \/>\n<span dir=\"auto\">Rekomandohet p\u00ebr:<\/span><br \/>\n<span dir=\"auto\">\u2013 Infeksione nga HPV<\/span><br \/>\n<span dir=\"auto\">\u2013 Infeksione nga virusi herpes (Herpes simplex)<\/span><br \/>\n<span dir=\"auto\">\u2013 Kandidiaz\u00eb (Candida Albicans)<\/span><br \/>\n<span dir=\"auto\">\u2013 Infeksione bakteriale<\/span><br \/>\n<span dir=\"auto\">\u2013 Inflamacione t\u00eb l\u00ebkur\u00ebs dhe mukozave<\/span><br \/>\n<span dir=\"auto\">\u2013 D\u00ebmtime dhe plag\u00eb t\u00eb l\u00ebkur\u00ebs dhe mukozave<\/span><\/p>","protected":false},"featured_media":5443,"comment_status":"open","ping_status":"closed","template":"","meta":{"_acf_changed":false,"content-type":""},"pwb-brand":[],"product_brand":[],"product_cat":[113,96],"product_tag":[],"class_list":{"0":"post-5442","1":"product","2":"type-product","3":"status-publish","4":"has-post-thumbnail","6":"product_cat-dermakozmetika","7":"product_cat-fitofarm","9":"first","10":"instock","11":"shipping-taxable","12":"purchasable","13":"product-type-simple"},"acf":[],"brands":[],"_links":{"self":[{"href":"https:\/\/exclusive-corporation.com\/en\/wp-json\/wp\/v2\/product\/5442","targetHints":{"allow":["GET"]}}],"collection":[{"href":"https:\/\/exclusive-corporation.com\/en\/wp-json\/wp\/v2\/product"}],"about":[{"href":"https:\/\/exclusive-corporation.com\/en\/wp-json\/wp\/v2\/types\/product"}],"replies":[{"embeddable":true,"href":"https:\/\/exclusive-corporation.com\/en\/wp-json\/wp\/v2\/comments?post=5442"}],"wp:featuredmedia":[{"embeddable":true,"href":"https:\/\/exclusive-corporation.com\/en\/wp-json\/wp\/v2\/media\/5443"}],"wp:attachment":[{"href":"https:\/\/exclusive-corporation.com\/en\/wp-json\/wp\/v2\/media?parent=5442"}],"wp:term":[{"taxonomy":"pwb-brand","embeddable":true,"href":"https:\/\/exclusive-corporation.com\/en\/wp-json\/wp\/v2\/pwb-brand?post=5442"},{"taxonomy":"product_brand","embeddable":true,"href":"https:\/\/exclusive-corporation.com\/en\/wp-json\/wp\/v2\/product_brand?post=5442"},{"taxonomy":"product_cat","embeddable":true,"href":"https:\/\/exclusive-corporation.com\/en\/wp-json\/wp\/v2\/product_cat?post=5442"},{"taxonomy":"product_tag","embeddable":true,"href":"https:\/\/exclusive-corporation.com\/en\/wp-json\/wp\/v2\/product_tag?post=5442"}],"curies":[{"name":"wp","href":"https:\/\/api.w.org\/{rel}","templated":true}]}}