{"id":5434,"date":"2025-08-18T14:41:23","date_gmt":"2025-08-18T14:41:23","guid":{"rendered":"https:\/\/exclusive-corporation.com\/?post_type=product&#038;p=5434"},"modified":"2025-10-13T11:59:07","modified_gmt":"2025-10-13T11:59:07","slug":"echinavit-c-syrup-100-ml","status":"publish","type":"product","link":"https:\/\/exclusive-corporation.com\/en\/product\/echinavit-c-syrup-100-ml\/","title":{"rendered":"ECHINAVIT C SYRUP 100 ml"},"content":{"rendered":"","protected":false},"excerpt":{"rendered":"<p><strong><span dir=\"auto\">P\u00ebrb\u00ebrja:<\/span><br \/>\n<\/strong><span dir=\"auto\">me ekinacea, trumz\u00eb, marshmallow dhe vitamin\u00eb C<\/span><\/p>\n<p><strong><span dir=\"auto\">Directions for use:<\/span><\/strong><br \/>\n<span dir=\"auto\">rekomandohet t\u00eb p\u00ebrdoret p\u00ebr: &#8211;<\/span><br \/>\n<span dir=\"auto\">forcimin e sistemit imunitar;<\/span><br \/>\n<span dir=\"auto\">\u2013 simptomat e hershme t\u00eb ftohjes dhe gripit;<\/span><br \/>\n<span dir=\"auto\">\u2013 leht\u00ebsimin e koll\u00ebs n\u00eb rast t\u00eb proceseve inflamatore dhe acarimit t\u00eb traktit respirator;<\/span><br \/>\n<span dir=\"auto\">\u2013 dob\u00ebsi t\u00eb p\u00ebrgjithshme t\u00eb trupit.<\/span><\/p>","protected":false},"featured_media":5435,"comment_status":"open","ping_status":"closed","template":"","meta":{"_acf_changed":false,"content-type":""},"pwb-brand":[],"product_brand":[],"product_cat":[96,133],"product_tag":[],"class_list":{"0":"post-5434","1":"product","2":"type-product","3":"status-publish","4":"has-post-thumbnail","6":"product_cat-fitofarm","7":"product_cat-pediatri","9":"first","10":"instock","11":"shipping-taxable","12":"purchasable","13":"product-type-simple"},"acf":[],"brands":[],"_links":{"self":[{"href":"https:\/\/exclusive-corporation.com\/en\/wp-json\/wp\/v2\/product\/5434","targetHints":{"allow":["GET"]}}],"collection":[{"href":"https:\/\/exclusive-corporation.com\/en\/wp-json\/wp\/v2\/product"}],"about":[{"href":"https:\/\/exclusive-corporation.com\/en\/wp-json\/wp\/v2\/types\/product"}],"replies":[{"embeddable":true,"href":"https:\/\/exclusive-corporation.com\/en\/wp-json\/wp\/v2\/comments?post=5434"}],"wp:featuredmedia":[{"embeddable":true,"href":"https:\/\/exclusive-corporation.com\/en\/wp-json\/wp\/v2\/media\/5435"}],"wp:attachment":[{"href":"https:\/\/exclusive-corporation.com\/en\/wp-json\/wp\/v2\/media?parent=5434"}],"wp:term":[{"taxonomy":"pwb-brand","embeddable":true,"href":"https:\/\/exclusive-corporation.com\/en\/wp-json\/wp\/v2\/pwb-brand?post=5434"},{"taxonomy":"product_brand","embeddable":true,"href":"https:\/\/exclusive-corporation.com\/en\/wp-json\/wp\/v2\/product_brand?post=5434"},{"taxonomy":"product_cat","embeddable":true,"href":"https:\/\/exclusive-corporation.com\/en\/wp-json\/wp\/v2\/product_cat?post=5434"},{"taxonomy":"product_tag","embeddable":true,"href":"https:\/\/exclusive-corporation.com\/en\/wp-json\/wp\/v2\/product_tag?post=5434"}],"curies":[{"name":"wp","href":"https:\/\/api.w.org\/{rel}","templated":true}]}}