{"id":5432,"date":"2025-08-18T14:39:28","date_gmt":"2025-08-18T14:39:28","guid":{"rendered":"https:\/\/exclusive-corporation.com\/?post_type=product&#038;p=5432"},"modified":"2025-10-13T11:58:29","modified_gmt":"2025-10-13T11:58:29","slug":"cistofit-forte-a-30-tbl","status":"publish","type":"product","link":"https:\/\/exclusive-corporation.com\/en\/product\/cistofit-forte-a-30-tbl\/","title":{"rendered":"CISTOFIT FORTE A 30 TBL"},"content":{"rendered":"","protected":false},"excerpt":{"rendered":"<p><strong><span dir=\"auto\">P\u00ebrb\u00ebrja:<\/span><br \/>\n<\/strong><span dir=\"auto\">Nj\u00eb tablet\u00eb p\u00ebrmban: 150 mg ekstrakt gjetheje \u00e7aji Java (Ortyosiphonis folium), 100 mg gjethe m\u00ebshtekne (Betula alba), 50 mg gjethe boronice (Vaccinium Vitis idaeae), 50 mg gjethe majdanozi (Petroselinum crispum), 30 mg ekstrakt palmeto (Serenoa repens), 30 mg rr\u00ebnj\u00eb eleuthero (Eleuterococus senticosus) dhe eksipient\u00eb.<\/span><\/p>\n<p><strong><span dir=\"auto\">Paketimi\u00a0<\/span><\/strong><strong><span dir=\"auto\">:<\/span><\/strong><span dir=\"auto\">\u00a03 blistera x 10 tableta<\/span><\/p>","protected":false},"featured_media":5433,"comment_status":"open","ping_status":"closed","template":"","meta":{"_acf_changed":false,"content-type":""},"pwb-brand":[],"product_brand":[],"product_cat":[96,137],"product_tag":[],"class_list":{"0":"post-5432","1":"product","2":"type-product","3":"status-publish","4":"has-post-thumbnail","6":"product_cat-fitofarm","7":"product_cat-urologji","9":"first","10":"instock","11":"shipping-taxable","12":"purchasable","13":"product-type-simple"},"acf":[],"brands":[],"_links":{"self":[{"href":"https:\/\/exclusive-corporation.com\/en\/wp-json\/wp\/v2\/product\/5432","targetHints":{"allow":["GET"]}}],"collection":[{"href":"https:\/\/exclusive-corporation.com\/en\/wp-json\/wp\/v2\/product"}],"about":[{"href":"https:\/\/exclusive-corporation.com\/en\/wp-json\/wp\/v2\/types\/product"}],"replies":[{"embeddable":true,"href":"https:\/\/exclusive-corporation.com\/en\/wp-json\/wp\/v2\/comments?post=5432"}],"wp:featuredmedia":[{"embeddable":true,"href":"https:\/\/exclusive-corporation.com\/en\/wp-json\/wp\/v2\/media\/5433"}],"wp:attachment":[{"href":"https:\/\/exclusive-corporation.com\/en\/wp-json\/wp\/v2\/media?parent=5432"}],"wp:term":[{"taxonomy":"pwb-brand","embeddable":true,"href":"https:\/\/exclusive-corporation.com\/en\/wp-json\/wp\/v2\/pwb-brand?post=5432"},{"taxonomy":"product_brand","embeddable":true,"href":"https:\/\/exclusive-corporation.com\/en\/wp-json\/wp\/v2\/product_brand?post=5432"},{"taxonomy":"product_cat","embeddable":true,"href":"https:\/\/exclusive-corporation.com\/en\/wp-json\/wp\/v2\/product_cat?post=5432"},{"taxonomy":"product_tag","embeddable":true,"href":"https:\/\/exclusive-corporation.com\/en\/wp-json\/wp\/v2\/product_tag?post=5432"}],"curies":[{"name":"wp","href":"https:\/\/api.w.org\/{rel}","templated":true}]}}