{"id":5426,"date":"2025-08-18T14:17:02","date_gmt":"2025-08-18T14:17:02","guid":{"rendered":"https:\/\/exclusive-corporation.com\/?post_type=product&#038;p=5426"},"modified":"2025-10-13T11:53:55","modified_gmt":"2025-10-13T11:53:55","slug":"antikom-plus-spray-100-ml","status":"publish","type":"product","link":"https:\/\/exclusive-corporation.com\/en\/product\/antikom-plus-spray-100-ml\/","title":{"rendered":"ANTIKOM PLUS SPRAY 100 ML"},"content":{"rendered":"","protected":false},"excerpt":{"rendered":"<p><strong><span dir=\"auto\">P\u00ebrb\u00ebrja:<\/span><br \/>\n<\/strong><\/p>\n<ul>\n<li><span dir=\"auto\">Me vaj esencial geranium, vaj esencial livandoje, vaj esencial rozmarine dhe vitamin\u00eb E<\/span><\/li>\n<li><span dir=\"auto\">Parfume dhe ngjyrues FALAS<\/span><\/li>\n<\/ul>\n<p><strong><span dir=\"auto\">Directions for use:<\/span><br \/>\n<\/strong><span dir=\"auto\">Spreji ANTIKOM \u00ebsht\u00eb nj\u00eb ila\u00e7 kund\u00ebr insekteve me vajra esencial\u00eb t\u00eb past\u00ebr dhe vitamin\u00eb E.<\/span><br \/>\n<span dir=\"auto\">Ofron mbrojtje t\u00eb menj\u00ebhershme kund\u00ebr mushkonjave dhe insekteve t\u00eb tjera.<\/span><\/p>\n<p><strong><span dir=\"auto\">Paketimi\u00a0<\/span><\/strong><strong><span dir=\"auto\">:<\/span><\/strong><span dir=\"auto\">\u00a0\u00a0 100 ml<\/span><\/p>","protected":false},"featured_media":5427,"comment_status":"open","ping_status":"closed","template":"","meta":{"_acf_changed":false,"content-type":""},"pwb-brand":[],"product_brand":[],"product_cat":[119,96],"product_tag":[],"class_list":{"0":"post-5426","1":"product","2":"type-product","3":"status-publish","4":"has-post-thumbnail","6":"product_cat-dermatologji","7":"product_cat-fitofarm","9":"first","10":"instock","11":"shipping-taxable","12":"purchasable","13":"product-type-simple"},"acf":[],"brands":[],"_links":{"self":[{"href":"https:\/\/exclusive-corporation.com\/en\/wp-json\/wp\/v2\/product\/5426","targetHints":{"allow":["GET"]}}],"collection":[{"href":"https:\/\/exclusive-corporation.com\/en\/wp-json\/wp\/v2\/product"}],"about":[{"href":"https:\/\/exclusive-corporation.com\/en\/wp-json\/wp\/v2\/types\/product"}],"replies":[{"embeddable":true,"href":"https:\/\/exclusive-corporation.com\/en\/wp-json\/wp\/v2\/comments?post=5426"}],"wp:featuredmedia":[{"embeddable":true,"href":"https:\/\/exclusive-corporation.com\/en\/wp-json\/wp\/v2\/media\/5427"}],"wp:attachment":[{"href":"https:\/\/exclusive-corporation.com\/en\/wp-json\/wp\/v2\/media?parent=5426"}],"wp:term":[{"taxonomy":"pwb-brand","embeddable":true,"href":"https:\/\/exclusive-corporation.com\/en\/wp-json\/wp\/v2\/pwb-brand?post=5426"},{"taxonomy":"product_brand","embeddable":true,"href":"https:\/\/exclusive-corporation.com\/en\/wp-json\/wp\/v2\/product_brand?post=5426"},{"taxonomy":"product_cat","embeddable":true,"href":"https:\/\/exclusive-corporation.com\/en\/wp-json\/wp\/v2\/product_cat?post=5426"},{"taxonomy":"product_tag","embeddable":true,"href":"https:\/\/exclusive-corporation.com\/en\/wp-json\/wp\/v2\/product_tag?post=5426"}],"curies":[{"name":"wp","href":"https:\/\/api.w.org\/{rel}","templated":true}]}}