{"id":5424,"date":"2025-08-18T14:12:57","date_gmt":"2025-08-18T14:12:57","guid":{"rendered":"https:\/\/exclusive-corporation.com\/?post_type=product&#038;p=5424"},"modified":"2025-10-15T14:00:54","modified_gmt":"2025-10-15T14:00:54","slug":"altea-marshmallow-syrup-100-ml","status":"publish","type":"product","link":"https:\/\/exclusive-corporation.com\/en\/product\/altea-marshmallow-syrup-100-ml\/","title":{"rendered":"ALTEA (Marshmallow) SYRUP 100 ml"},"content":{"rendered":"","protected":false},"excerpt":{"rendered":"<p><strong><span dir=\"auto\">P\u00ebrb\u00ebrja:<\/span><br \/>\n<\/strong><span dir=\"auto\">Me marshmallow<\/span><\/p>\n<p><strong><span dir=\"auto\">Directions for use:<\/span><\/strong><br \/>\n<span dir=\"auto\">rekomandohet t\u00eb p\u00ebrdoret p\u00ebr:<\/span><br \/>\n<span dir=\"auto\">*qet\u00ebsimin e koll\u00ebs n\u00eb rast t\u00eb inflamacionit dhe acarimit t\u00eb mukoz\u00ebs s\u00eb traktit respirator, i cili manifestohet me koll\u00eb t\u00eb that\u00eb dhe provokuese pa prodhim sekrecionesh.<\/span><br \/>\n<span dir=\"auto\">*trajtimin simptomatik t\u00eb acarimit oral-faringeal t\u00eb shoq\u00ebruar me koll\u00eb t\u00eb that\u00eb.<\/span><\/p>","protected":false},"featured_media":6419,"comment_status":"open","ping_status":"closed","template":"","meta":{"_acf_changed":false,"content-type":""},"pwb-brand":[],"product_brand":[],"product_cat":[96,133],"product_tag":[],"class_list":{"0":"post-5424","1":"product","2":"type-product","3":"status-publish","4":"has-post-thumbnail","6":"product_cat-fitofarm","7":"product_cat-pediatri","9":"first","10":"instock","11":"shipping-taxable","12":"purchasable","13":"product-type-simple"},"acf":[],"brands":[],"_links":{"self":[{"href":"https:\/\/exclusive-corporation.com\/en\/wp-json\/wp\/v2\/product\/5424","targetHints":{"allow":["GET"]}}],"collection":[{"href":"https:\/\/exclusive-corporation.com\/en\/wp-json\/wp\/v2\/product"}],"about":[{"href":"https:\/\/exclusive-corporation.com\/en\/wp-json\/wp\/v2\/types\/product"}],"replies":[{"embeddable":true,"href":"https:\/\/exclusive-corporation.com\/en\/wp-json\/wp\/v2\/comments?post=5424"}],"wp:featuredmedia":[{"embeddable":true,"href":"https:\/\/exclusive-corporation.com\/en\/wp-json\/wp\/v2\/media\/6419"}],"wp:attachment":[{"href":"https:\/\/exclusive-corporation.com\/en\/wp-json\/wp\/v2\/media?parent=5424"}],"wp:term":[{"taxonomy":"pwb-brand","embeddable":true,"href":"https:\/\/exclusive-corporation.com\/en\/wp-json\/wp\/v2\/pwb-brand?post=5424"},{"taxonomy":"product_brand","embeddable":true,"href":"https:\/\/exclusive-corporation.com\/en\/wp-json\/wp\/v2\/product_brand?post=5424"},{"taxonomy":"product_cat","embeddable":true,"href":"https:\/\/exclusive-corporation.com\/en\/wp-json\/wp\/v2\/product_cat?post=5424"},{"taxonomy":"product_tag","embeddable":true,"href":"https:\/\/exclusive-corporation.com\/en\/wp-json\/wp\/v2\/product_tag?post=5424"}],"curies":[{"name":"wp","href":"https:\/\/api.w.org\/{rel}","templated":true}]}}