{"id":5417,"date":"2025-08-18T14:02:56","date_gmt":"2025-08-18T14:02:56","guid":{"rendered":"https:\/\/exclusive-corporation.com\/?post_type=product&#038;p=5417"},"modified":"2025-10-13T09:38:52","modified_gmt":"2025-10-13T09:38:52","slug":"aminophilin-amp-10-x-250-mg","status":"publish","type":"product","link":"https:\/\/exclusive-corporation.com\/en\/product\/aminophilin-amp-10-x-250-mg\/","title":{"rendered":"AMINOPHILIN amp 10 x 250 mg"},"content":{"rendered":"","protected":false},"excerpt":{"rendered":"<p data-start=\"0\" data-end=\"45\">P\u00ebrb\u00ebr\u00ebsi aktiv :<br data-start=\"17\" data-end=\"20\" \/>aminophylline dihydrate<\/p>\n<p data-start=\"47\" data-end=\"71\">Fuqia :<br data-start=\"54\" data-end=\"57\" \/>250 mg\/10 ml<\/p>\n<p data-start=\"73\" data-end=\"97\">Paketimi :<br data-start=\"83\" data-end=\"86\" \/>10 ampula<\/p>\n<p data-start=\"99\" data-end=\"122\" data-is-last-node=\"\" data-is-only-node=\"\">Kompania :<br data-start=\"109\" data-end=\"112\" \/>demo s.a<\/p>","protected":false},"featured_media":5418,"comment_status":"open","ping_status":"closed","template":"","meta":{"_acf_changed":false,"content-type":""},"pwb-brand":[],"product_brand":[],"product_cat":[95,122],"product_tag":[],"class_list":{"0":"post-5417","1":"product","2":"type-product","3":"status-publish","4":"has-post-thumbnail","6":"product_cat-demo","7":"product_cat-pulmologji","9":"first","10":"instock","11":"shipping-taxable","12":"purchasable","13":"product-type-simple"},"acf":[],"brands":[],"_links":{"self":[{"href":"https:\/\/exclusive-corporation.com\/en\/wp-json\/wp\/v2\/product\/5417","targetHints":{"allow":["GET"]}}],"collection":[{"href":"https:\/\/exclusive-corporation.com\/en\/wp-json\/wp\/v2\/product"}],"about":[{"href":"https:\/\/exclusive-corporation.com\/en\/wp-json\/wp\/v2\/types\/product"}],"replies":[{"embeddable":true,"href":"https:\/\/exclusive-corporation.com\/en\/wp-json\/wp\/v2\/comments?post=5417"}],"wp:featuredmedia":[{"embeddable":true,"href":"https:\/\/exclusive-corporation.com\/en\/wp-json\/wp\/v2\/media\/5418"}],"wp:attachment":[{"href":"https:\/\/exclusive-corporation.com\/en\/wp-json\/wp\/v2\/media?parent=5417"}],"wp:term":[{"taxonomy":"pwb-brand","embeddable":true,"href":"https:\/\/exclusive-corporation.com\/en\/wp-json\/wp\/v2\/pwb-brand?post=5417"},{"taxonomy":"product_brand","embeddable":true,"href":"https:\/\/exclusive-corporation.com\/en\/wp-json\/wp\/v2\/product_brand?post=5417"},{"taxonomy":"product_cat","embeddable":true,"href":"https:\/\/exclusive-corporation.com\/en\/wp-json\/wp\/v2\/product_cat?post=5417"},{"taxonomy":"product_tag","embeddable":true,"href":"https:\/\/exclusive-corporation.com\/en\/wp-json\/wp\/v2\/product_tag?post=5417"}],"curies":[{"name":"wp","href":"https:\/\/api.w.org\/{rel}","templated":true}]}}