{"id":5403,"date":"2025-08-18T13:21:40","date_gmt":"2025-08-18T13:21:40","guid":{"rendered":"https:\/\/exclusive-corporation.com\/?post_type=product&#038;p=5403"},"modified":"2025-10-13T09:36:23","modified_gmt":"2025-10-13T09:36:23","slug":"procto-cream-28g","status":"publish","type":"product","link":"https:\/\/exclusive-corporation.com\/en\/product\/procto-cream-28g\/","title":{"rendered":"Procto Cream 28g"},"content":{"rendered":"<div>\n<h2><span dir=\"auto\">Leht\u00ebsim bimor me veprim t\u00eb shpejt\u00eb<\/span><\/h2>\n<p><span dir=\"auto\">Kremi Benostan Procto ofron leht\u00ebsim t\u00eb shpejt\u00eb nga simptomat e hemorroideve fal\u00eb p\u00ebrzierjes s\u00eb fuqishme t\u00eb ekstrakteve t\u00eb pastra bimore:<\/span><\/p>\n<div><span dir=\"auto\">Kalendula\u00a0<\/span><span dir=\"auto\">, vaj ulliri,\u00a0<\/span><span dir=\"auto\">mastik\u00eb, sherbel\u00eb ,\u00a0<\/span><span dir=\"auto\">dyll\u00eb blete ,\u00a0<\/span><span dir=\"auto\">Gjalp\u00eb\u00a0<\/span><span dir=\"auto\">i Vog\u00ebl<\/span><\/div>\n<p><span dir=\"auto\">Ky kombinim i formuluar me kujdes ofron p\u00ebrfitime t\u00eb trefishta veprimi: mbrojtje antimikrobike, mb\u00ebshtetje sh\u00ebruese dhe leht\u00ebsim anti-inflamator.<\/span><\/p>\n<\/div>\n<h2><span dir=\"auto\">I sigurt p\u00ebr t\u00eb gjith\u00eb pacient\u00ebt<\/span><\/h2>\n<p><span dir=\"auto\">Kremi Benostan Procto \u00ebsht\u00eb plot\u00ebsisht i sigurt p\u00ebr p\u00ebrdorim gjat\u00eb shtatz\u00ebnis\u00eb pasi nuk p\u00ebrmban kortizon, kimikate t\u00eb ashpra ose anestetik\u00eb lokal\u00eb. Formula natyrale ofron leht\u00ebsim efektiv pa kompromentuar sigurin\u00eb.<\/span><\/p>","protected":false},"excerpt":{"rendered":"<p>Kremi Benostan Procto \u00ebsht\u00eb ila\u00e7i bimor m\u00eb i besuesh\u00ebm p\u00ebr leht\u00ebsimin e hemoroideve. Hemoroidet, t\u00eb cilat jan\u00eb zgjerime me vari\u00e7e t\u00eb venave anale, kategorizohen n\u00eb dy lloje: gjendje t\u00eb unazave anale t\u00eb jashtme dhe t\u00eb brendshme.<\/p>","protected":false},"featured_media":5404,"comment_status":"open","ping_status":"closed","template":"","meta":{"_acf_changed":false,"content-type":""},"pwb-brand":[],"product_brand":[],"product_cat":[93,120],"product_tag":[],"class_list":{"0":"post-5403","1":"product","2":"type-product","3":"status-publish","4":"has-post-thumbnail","6":"product_cat-benostan","7":"product_cat-proktologji","9":"first","10":"instock","11":"shipping-taxable","12":"purchasable","13":"product-type-simple"},"acf":[],"brands":[],"_links":{"self":[{"href":"https:\/\/exclusive-corporation.com\/en\/wp-json\/wp\/v2\/product\/5403","targetHints":{"allow":["GET"]}}],"collection":[{"href":"https:\/\/exclusive-corporation.com\/en\/wp-json\/wp\/v2\/product"}],"about":[{"href":"https:\/\/exclusive-corporation.com\/en\/wp-json\/wp\/v2\/types\/product"}],"replies":[{"embeddable":true,"href":"https:\/\/exclusive-corporation.com\/en\/wp-json\/wp\/v2\/comments?post=5403"}],"wp:featuredmedia":[{"embeddable":true,"href":"https:\/\/exclusive-corporation.com\/en\/wp-json\/wp\/v2\/media\/5404"}],"wp:attachment":[{"href":"https:\/\/exclusive-corporation.com\/en\/wp-json\/wp\/v2\/media?parent=5403"}],"wp:term":[{"taxonomy":"pwb-brand","embeddable":true,"href":"https:\/\/exclusive-corporation.com\/en\/wp-json\/wp\/v2\/pwb-brand?post=5403"},{"taxonomy":"product_brand","embeddable":true,"href":"https:\/\/exclusive-corporation.com\/en\/wp-json\/wp\/v2\/product_brand?post=5403"},{"taxonomy":"product_cat","embeddable":true,"href":"https:\/\/exclusive-corporation.com\/en\/wp-json\/wp\/v2\/product_cat?post=5403"},{"taxonomy":"product_tag","embeddable":true,"href":"https:\/\/exclusive-corporation.com\/en\/wp-json\/wp\/v2\/product_tag?post=5403"}],"curies":[{"name":"wp","href":"https:\/\/api.w.org\/{rel}","templated":true}]}}