{"id":5399,"date":"2025-08-18T13:18:25","date_gmt":"2025-08-18T13:18:25","guid":{"rendered":"https:\/\/exclusive-corporation.com\/?post_type=product&#038;p=5399"},"modified":"2025-10-13T09:36:00","modified_gmt":"2025-10-13T09:36:00","slug":"phytoroid-suppositories-20g","status":"publish","type":"product","link":"https:\/\/exclusive-corporation.com\/en\/product\/phytoroid-suppositories-20g\/","title":{"rendered":"PHYTOROID Suppositories 20g"},"content":{"rendered":"","protected":false},"excerpt":{"rendered":"<p><strong><span dir=\"auto\">Supozitori Benostan Phytoroid p\u00ebr t\u00eb rritur \u00ebsht\u00eb ila\u00e7i bimor\u00a0<\/span><\/strong><span dir=\"auto\">m\u00eb i njohur\u00a0<\/span><span dir=\"auto\">n\u00eb gjendjen e\u00a0<\/span><strong><span dir=\"auto\">hemorroideve\u00a0<\/span><\/strong><span dir=\"auto\">. Hemorroidet ndahen dhe kategorizohen n\u00eb\u00a0<\/span><span dir=\"auto\">unaz\u00eb\u00a0<\/span><strong><span dir=\"auto\">anale t\u00eb jashtme dhe t\u00eb brendshme, pasi ato jan\u00eb zgjerim varikoz i venave anale. Kjo \u00e7on n\u00eb \u00ebnjtje dhe rezultojn\u00eb n\u00eb zon\u00ebn e\u00a0<\/span><\/strong><span dir=\"auto\"><strong>epiderm\u00ebs\u00a0<\/strong>, t\u00eb irrituar dhe t\u00eb rrjedh\u00eb gjak leht\u00eb, duke krijuar kruajtje dhe dhimbje intensive. K\u00ebto simptoma mund t\u00eb p\u00ebrkeq\u00ebsohen p\u00ebr shkak t\u00eb diet\u00ebs s\u00eb dob\u00ebt, stilit t\u00eb jetes\u00ebs sedentare, kapsll\u00ebkut dhe\u00a0<strong>shtatz\u00ebnive t\u00eb shpeshta\u00a0<\/strong>, sepse pesha e trupit ushtron presion mbi venat e unaz\u00ebs anale dhe si rezultat i b\u00ebn ato t\u00eb fryhen.<\/span><\/p>","protected":false},"featured_media":5400,"comment_status":"open","ping_status":"closed","template":"","meta":{"_acf_changed":false,"content-type":""},"pwb-brand":[],"product_brand":[],"product_cat":[93],"product_tag":[],"class_list":{"0":"post-5399","1":"product","2":"type-product","3":"status-publish","4":"has-post-thumbnail","6":"product_cat-benostan","8":"first","9":"instock","10":"shipping-taxable","11":"purchasable","12":"product-type-simple"},"acf":[],"brands":[],"_links":{"self":[{"href":"https:\/\/exclusive-corporation.com\/en\/wp-json\/wp\/v2\/product\/5399","targetHints":{"allow":["GET"]}}],"collection":[{"href":"https:\/\/exclusive-corporation.com\/en\/wp-json\/wp\/v2\/product"}],"about":[{"href":"https:\/\/exclusive-corporation.com\/en\/wp-json\/wp\/v2\/types\/product"}],"replies":[{"embeddable":true,"href":"https:\/\/exclusive-corporation.com\/en\/wp-json\/wp\/v2\/comments?post=5399"}],"wp:featuredmedia":[{"embeddable":true,"href":"https:\/\/exclusive-corporation.com\/en\/wp-json\/wp\/v2\/media\/5400"}],"wp:attachment":[{"href":"https:\/\/exclusive-corporation.com\/en\/wp-json\/wp\/v2\/media?parent=5399"}],"wp:term":[{"taxonomy":"pwb-brand","embeddable":true,"href":"https:\/\/exclusive-corporation.com\/en\/wp-json\/wp\/v2\/pwb-brand?post=5399"},{"taxonomy":"product_brand","embeddable":true,"href":"https:\/\/exclusive-corporation.com\/en\/wp-json\/wp\/v2\/product_brand?post=5399"},{"taxonomy":"product_cat","embeddable":true,"href":"https:\/\/exclusive-corporation.com\/en\/wp-json\/wp\/v2\/product_cat?post=5399"},{"taxonomy":"product_tag","embeddable":true,"href":"https:\/\/exclusive-corporation.com\/en\/wp-json\/wp\/v2\/product_tag?post=5399"}],"curies":[{"name":"wp","href":"https:\/\/api.w.org\/{rel}","templated":true}]}}