{"id":5370,"date":"2025-08-18T12:00:28","date_gmt":"2025-08-18T12:00:28","guid":{"rendered":"https:\/\/exclusive-corporation.com\/?post_type=product&#038;p=5370"},"modified":"2025-10-13T09:26:52","modified_gmt":"2025-10-13T09:26:52","slug":"babytol-d3-k1","status":"publish","type":"product","link":"https:\/\/exclusive-corporation.com\/en\/product\/babytol-d3-k1\/","title":{"rendered":"Babytol D3 + K1"},"content":{"rendered":"<p><span dir=\"auto\">A newborn is born with very low levels of vitamin K1.<\/span><\/p>\n<div id=\"collapseInfo2\" class=\"accordion-collapse collapse show\" aria-labelledby=\"headingOne\" data-bs-parent=\"#accordionExample\">\n<div class=\"accordion-body\">\n<p><span dir=\"auto\">Vitamin K1 passes through the placenta in very small amounts, so newborns have almost none at birth. It is naturally synthesized in the gut by beneficial bacteria. The development of these bacteria in the infant\u2019s gastrointestinal tract takes time.<\/span><\/p>\n<p>&nbsp;<\/p>\n<p><span dir=\"auto\">Vitamina K1 gjendet n\u00eb qum\u00ebshtin e gjirit n\u00eb nj\u00eb sasi t\u00eb moderuar.<\/span><\/p>\n<div id=\"collapseInfo3\" class=\"accordion-collapse collapse show\" aria-labelledby=\"headingOne\" data-bs-parent=\"#accordionExample\">\n<div class=\"accordion-body\">\n<p><span dir=\"auto\">Breast milk contains vitamin K1 only in small amounts, and its level is very modest. To ensure prevention and protect the newborn, in most European countries, infants are given 1 mg of vitamin K1 immediately after birth in the maternity ward. In accordance with the recommendations of pediatric and neonatology associations, as well as Ministries of Health in most countries, extended oral administration is also recommended.<\/span><\/p>\n<\/div>\n<\/div>\n<p>&nbsp;<\/p>\n<\/div>\n<\/div>","protected":false},"excerpt":{"rendered":"<p><span dir=\"auto\">For premature infants and newborns on a natural diet\u00a0<\/span><\/p>\n<div id=\"collapseInfo1\" class=\"accordion-collapse collapse show\" aria-labelledby=\"headingOne\" data-bs-parent=\"#accordionExample\">\n<div class=\"accordion-body\">\n<p><span dir=\"auto\">Babytol D3+K1 is an additional source of vitamins D3 and K1, intended for feeding premature infants and newborns on a natural diet. It is also recommended as a dietary supplement for newborns on a mixed diet that includes a small amount of adapted formula. Adapted formula for newborns is enriched with vitamin K1.\n\nIf the infant is on a mixed diet and receives up to two servings of adapted formula per day, an additional intake of vitamin K1 at a dose of 25 mcg is recommended until the end of the third month after birth, through Babytol D3+K1. For this supplementary intake, only one capsule per day is needed.\u00a0<\/span><\/p>\n<\/div>\n<\/div>","protected":false},"featured_media":5371,"comment_status":"open","ping_status":"closed","template":"","meta":{"_acf_changed":false,"content-type":""},"pwb-brand":[],"product_brand":[],"product_cat":[85,133],"product_tag":[],"class_list":{"0":"post-5370","1":"product","2":"type-product","3":"status-publish","4":"has-post-thumbnail","6":"product_cat-4u-pharma","7":"product_cat-pediatri","9":"first","10":"instock","11":"shipping-taxable","12":"purchasable","13":"product-type-simple"},"acf":[],"brands":[],"_links":{"self":[{"href":"https:\/\/exclusive-corporation.com\/en\/wp-json\/wp\/v2\/product\/5370","targetHints":{"allow":["GET"]}}],"collection":[{"href":"https:\/\/exclusive-corporation.com\/en\/wp-json\/wp\/v2\/product"}],"about":[{"href":"https:\/\/exclusive-corporation.com\/en\/wp-json\/wp\/v2\/types\/product"}],"replies":[{"embeddable":true,"href":"https:\/\/exclusive-corporation.com\/en\/wp-json\/wp\/v2\/comments?post=5370"}],"wp:featuredmedia":[{"embeddable":true,"href":"https:\/\/exclusive-corporation.com\/en\/wp-json\/wp\/v2\/media\/5371"}],"wp:attachment":[{"href":"https:\/\/exclusive-corporation.com\/en\/wp-json\/wp\/v2\/media?parent=5370"}],"wp:term":[{"taxonomy":"pwb-brand","embeddable":true,"href":"https:\/\/exclusive-corporation.com\/en\/wp-json\/wp\/v2\/pwb-brand?post=5370"},{"taxonomy":"product_brand","embeddable":true,"href":"https:\/\/exclusive-corporation.com\/en\/wp-json\/wp\/v2\/product_brand?post=5370"},{"taxonomy":"product_cat","embeddable":true,"href":"https:\/\/exclusive-corporation.com\/en\/wp-json\/wp\/v2\/product_cat?post=5370"},{"taxonomy":"product_tag","embeddable":true,"href":"https:\/\/exclusive-corporation.com\/en\/wp-json\/wp\/v2\/product_tag?post=5370"}],"curies":[{"name":"wp","href":"https:\/\/api.w.org\/{rel}","templated":true}]}}