{"id":5327,"date":"2025-08-15T12:01:23","date_gmt":"2025-08-15T12:01:23","guid":{"rendered":"https:\/\/exclusive-corporation.com\/?post_type=product&#038;p=5327"},"modified":"2025-10-13T15:16:22","modified_gmt":"2025-10-13T15:16:22","slug":"lattawin-ovula","status":"publish","type":"product","link":"https:\/\/exclusive-corporation.com\/en\/product\/lattawin-ovula\/","title":{"rendered":"Lattawin Ovula"},"content":{"rendered":"<p>Lattawin p\u00ebrmban nj\u00eb kombinim unik t\u00eb acidit borik, acidit laktik dhe polikarbofilit, dhe ndihmon n\u00eb eliminimin e simptomave t\u00eb shkaktuara nga pH i \u00e7ekuilibruar vaginal dhe flora bakteriale endogjene.<\/p>\n<div class=\"et_pb_row et_pb_row_2\">\n<div class=\"et_pb_column et_pb_column_4_4 et_pb_column_4 et_pb_css_mix_blend_mode_passthrough et-last-child\">\n<div class=\"et_pb_module et_pb_text et_pb_text_3 et_pb_text_align_left et_pb_bg_layout_light\">\n<div class=\"et_pb_text_inner\">\n<h2><span dir=\"auto\">Ovula Lattawin p\u00ebrdoret n\u00eb:<\/span><\/h2>\n<\/div>\n<\/div>\n<\/div>\n<\/div>\n<div class=\"et_pb_row et_pb_row_3\">\n<div class=\"et_pb_column et_pb_column_1_2 et_pb_column_5 et_pb_css_mix_blend_mode_passthrough\">\n<div class=\"et_pb_module et_pb_text et_pb_text_4 et_pb_text_align_left et_pb_bg_layout_light\">\n<div class=\"et_pb_text_inner\">\n<ul>\n<li><strong><span dir=\"auto\">Parandalimi dhe trajtimi i infeksioneve vaginale<\/span><\/strong>\n<ul>\n<li><span dir=\"auto\">Vaginoza bakteriale<\/span><\/li>\n<li><span dir=\"auto\">Vulvovaginiti fungal<\/span><\/li>\n<li><span dir=\"auto\">Vulvogainiti i p\u00ebrs\u00ebritur<\/span><\/li>\n<li><span dir=\"auto\">Infeksionet e Trichomonas vaginalis (trajtim alternativ)<\/span><\/li>\n<\/ul>\n<\/li>\n<\/ul>\n<\/div>\n<\/div>\n<\/div>\n<div class=\"et_pb_column et_pb_column_1_2 et_pb_column_6 et_pb_css_mix_blend_mode_passthrough et-last-child\">\n<div class=\"et_pb_module et_pb_text et_pb_text_5 et_pb_text_align_left et_pb_bg_layout_light\">\n<div class=\"et_pb_text_inner\">\n<ul>\n<li><strong><span dir=\"auto\">N\u00eb rast t\u00eb rritjes s\u00eb rrezikut t\u00eb infeksioneve p\u00ebr shkak t\u00eb.<\/span><\/strong>\n<ul>\n<li><span dir=\"auto\">Nd\u00ebrhyrjet kirurgjikale<\/span><\/li>\n<li><span dir=\"auto\">P\u00ebrdorimi i tualeteve publike<\/span><\/li>\n<li><span dir=\"auto\">Vizita n\u00eb pishina dhe palestra<\/span><\/li>\n<\/ul>\n<\/li>\n<\/ul>\n<\/div>\n<\/div>\n<\/div>\n<\/div>","protected":false},"excerpt":{"rendered":"<p>Ovula e Lattawa-s \u00ebsht\u00eb nj\u00eb preparat mjek\u00ebsor q\u00eb ndihmon n\u00eb rivendosjen e funksioneve mbrojt\u00ebse fiziologjike t\u00eb mukoz\u00ebs vaginale dhe \u00ebsht\u00eb nj\u00eb zgjidhje efektive p\u00ebr simptomat e infeksioneve vaginale.<\/p>","protected":false},"featured_media":5328,"comment_status":"open","ping_status":"closed","template":"","meta":{"_acf_changed":false,"content-type":""},"pwb-brand":[],"product_brand":[],"product_cat":[138,88],"product_tag":[],"class_list":{"0":"post-5327","1":"product","2":"type-product","3":"status-publish","4":"has-post-thumbnail","6":"product_cat-gjinekologji","7":"product_cat-shendeti-gruas","9":"first","10":"instock","11":"shipping-taxable","12":"product-type-simple"},"acf":[],"brands":[],"_links":{"self":[{"href":"https:\/\/exclusive-corporation.com\/en\/wp-json\/wp\/v2\/product\/5327","targetHints":{"allow":["GET"]}}],"collection":[{"href":"https:\/\/exclusive-corporation.com\/en\/wp-json\/wp\/v2\/product"}],"about":[{"href":"https:\/\/exclusive-corporation.com\/en\/wp-json\/wp\/v2\/types\/product"}],"replies":[{"embeddable":true,"href":"https:\/\/exclusive-corporation.com\/en\/wp-json\/wp\/v2\/comments?post=5327"}],"wp:featuredmedia":[{"embeddable":true,"href":"https:\/\/exclusive-corporation.com\/en\/wp-json\/wp\/v2\/media\/5328"}],"wp:attachment":[{"href":"https:\/\/exclusive-corporation.com\/en\/wp-json\/wp\/v2\/media?parent=5327"}],"wp:term":[{"taxonomy":"pwb-brand","embeddable":true,"href":"https:\/\/exclusive-corporation.com\/en\/wp-json\/wp\/v2\/pwb-brand?post=5327"},{"taxonomy":"product_brand","embeddable":true,"href":"https:\/\/exclusive-corporation.com\/en\/wp-json\/wp\/v2\/product_brand?post=5327"},{"taxonomy":"product_cat","embeddable":true,"href":"https:\/\/exclusive-corporation.com\/en\/wp-json\/wp\/v2\/product_cat?post=5327"},{"taxonomy":"product_tag","embeddable":true,"href":"https:\/\/exclusive-corporation.com\/en\/wp-json\/wp\/v2\/product_tag?post=5327"}],"curies":[{"name":"wp","href":"https:\/\/api.w.org\/{rel}","templated":true}]}}