{"id":5325,"date":"2025-08-15T11:57:20","date_gmt":"2025-08-15T11:57:20","guid":{"rendered":"https:\/\/exclusive-corporation.com\/?post_type=product&#038;p=5325"},"modified":"2025-08-15T11:57:21","modified_gmt":"2025-08-15T11:57:21","slug":"vitamin-d3","status":"publish","type":"product","link":"https:\/\/exclusive-corporation.com\/en\/product\/vitamin-d3\/","title":{"rendered":"Vitamin D3"},"content":{"rendered":"<p><span dir=\"auto\">Vitamina D mund t\u00eb prodhohet nga trupi juaj kur l\u00ebkura juaj \u00ebsht\u00eb e ekspozuar ndaj rrezeve t\u00eb diellit, prandaj vitamina D shpesh quhet &#8220;Vitamina e Diellit&#8221;.\u00a0<\/span>\u00a0\u00a0<span dir=\"auto\">Megjithat\u00eb, pavar\u00ebsisht faktit se trupat tan\u00eb mund ta prodhojn\u00eb k\u00ebt\u00eb l\u00ebnd\u00eb ushqyese t\u00eb vlefshme, mendohet se mungesa e vitamin\u00ebs D \u00ebsht\u00eb nj\u00eb nga mang\u00ebsit\u00eb m\u00eb t\u00eb zakonshme n\u00eb bot\u00eb.<\/span><\/p>","protected":false},"excerpt":{"rendered":"<p style=\"font-weight: 400;\">Vitamin D is used by the body in many important processes, including:<\/p>\n<p>\u2013 Helps support healthy bones and teeth<br \/>\n\u2013 Supports normal calcium absorption and utilization<br \/>\n\u2013 Supports healthy immune system function<br \/>\n- Contributes to normal muscle function<\/p>","protected":false},"featured_media":5326,"comment_status":"open","ping_status":"closed","template":"","meta":{"_acf_changed":false,"content-type":""},"pwb-brand":[],"product_brand":[],"product_cat":[54,89],"product_tag":[],"class_list":{"0":"post-5325","1":"product","2":"type-product","3":"status-publish","4":"has-post-thumbnail","6":"product_cat-natures-aid","7":"product_cat-vitamina","9":"first","10":"instock","11":"shipping-taxable","12":"purchasable","13":"product-type-simple"},"acf":[],"brands":[],"_links":{"self":[{"href":"https:\/\/exclusive-corporation.com\/en\/wp-json\/wp\/v2\/product\/5325","targetHints":{"allow":["GET"]}}],"collection":[{"href":"https:\/\/exclusive-corporation.com\/en\/wp-json\/wp\/v2\/product"}],"about":[{"href":"https:\/\/exclusive-corporation.com\/en\/wp-json\/wp\/v2\/types\/product"}],"replies":[{"embeddable":true,"href":"https:\/\/exclusive-corporation.com\/en\/wp-json\/wp\/v2\/comments?post=5325"}],"wp:featuredmedia":[{"embeddable":true,"href":"https:\/\/exclusive-corporation.com\/en\/wp-json\/wp\/v2\/media\/5326"}],"wp:attachment":[{"href":"https:\/\/exclusive-corporation.com\/en\/wp-json\/wp\/v2\/media?parent=5325"}],"wp:term":[{"taxonomy":"pwb-brand","embeddable":true,"href":"https:\/\/exclusive-corporation.com\/en\/wp-json\/wp\/v2\/pwb-brand?post=5325"},{"taxonomy":"product_brand","embeddable":true,"href":"https:\/\/exclusive-corporation.com\/en\/wp-json\/wp\/v2\/product_brand?post=5325"},{"taxonomy":"product_cat","embeddable":true,"href":"https:\/\/exclusive-corporation.com\/en\/wp-json\/wp\/v2\/product_cat?post=5325"},{"taxonomy":"product_tag","embeddable":true,"href":"https:\/\/exclusive-corporation.com\/en\/wp-json\/wp\/v2\/product_tag?post=5325"}],"curies":[{"name":"wp","href":"https:\/\/api.w.org\/{rel}","templated":true}]}}