{"id":5259,"date":"2025-08-14T12:37:30","date_gmt":"2025-08-14T12:37:30","guid":{"rendered":"https:\/\/exclusive-corporation.com\/?post_type=product&#038;p=5259"},"modified":"2025-08-14T12:37:31","modified_gmt":"2025-08-14T12:37:31","slug":"ber-detox","status":"publish","type":"product","link":"https:\/\/exclusive-corporation.com\/en\/product\/ber-detox\/","title":{"rendered":"Ber-Detox"},"content":{"rendered":"","protected":false},"excerpt":{"rendered":"<p data-start=\"42\" data-end=\"139\">Ber-Detox ndihmon n\u00eb detoksifikimin e m\u00ebl\u00e7is\u00eb dhe trupit p\u00ebr t\u00eb parandaluar p\u00ebrkeq\u00ebsimin e saj.<\/p>\n<p data-start=\"141\" data-end=\"211\">P\u00ebrmban 9 p\u00ebrb\u00ebr\u00ebs aktiv nd\u00ebr t\u00eb cilat jan\u00eb berberina dhe kurkumina.<\/p>\n<p data-start=\"213\" data-end=\"364\">Berberina \u00ebsht\u00eb nj\u00eb bim\u00eb e p\u00ebrdorur n\u00eb mjek\u00ebsin\u00eb kineze p\u00ebr t\u00eb p\u00ebrmir\u00ebsuar funksionin e m\u00ebl\u00e7is\u00eb s\u00eb trupit duke eliminuar lipidet e tep\u00ebrta nga trupi.<\/p>\n<p data-start=\"366\" data-end=\"499\">Kurkumina ndihmon n\u00eb p\u00ebrmir\u00ebsimin e funksionit t\u00eb m\u00ebl\u00e7is\u00eb fal\u00eb efekteve t\u00eb saj antioksiduese, anti-inflamatore dhe imunostimuluese.<\/p>\n<p data-start=\"501\" data-end=\"513\">Directions for use:<\/p>\n<ul data-start=\"514\" data-end=\"591\">\n<li data-start=\"514\" data-end=\"591\">\n<p data-start=\"516\" data-end=\"591\">1 her\u00eb n\u00eb dit\u00eb 25 ml &#8211; direkt ose t\u00eb holluar n\u00eb nj\u00eb got\u00eb me uj\u00eb ose l\u00ebng.<\/p>\n<\/li>\n<\/ul>","protected":false},"featured_media":5260,"comment_status":"open","ping_status":"closed","template":"","meta":{"_acf_changed":false,"content-type":""},"pwb-brand":[],"product_brand":[],"product_cat":[83,89],"product_tag":[],"class_list":{"0":"post-5259","1":"product","2":"type-product","3":"status-publish","4":"has-post-thumbnail","6":"product_cat-sirup","7":"product_cat-vitamina","9":"first","10":"instock","11":"shipping-taxable","12":"product-type-simple"},"acf":[],"brands":[],"_links":{"self":[{"href":"https:\/\/exclusive-corporation.com\/en\/wp-json\/wp\/v2\/product\/5259","targetHints":{"allow":["GET"]}}],"collection":[{"href":"https:\/\/exclusive-corporation.com\/en\/wp-json\/wp\/v2\/product"}],"about":[{"href":"https:\/\/exclusive-corporation.com\/en\/wp-json\/wp\/v2\/types\/product"}],"replies":[{"embeddable":true,"href":"https:\/\/exclusive-corporation.com\/en\/wp-json\/wp\/v2\/comments?post=5259"}],"wp:featuredmedia":[{"embeddable":true,"href":"https:\/\/exclusive-corporation.com\/en\/wp-json\/wp\/v2\/media\/5260"}],"wp:attachment":[{"href":"https:\/\/exclusive-corporation.com\/en\/wp-json\/wp\/v2\/media?parent=5259"}],"wp:term":[{"taxonomy":"pwb-brand","embeddable":true,"href":"https:\/\/exclusive-corporation.com\/en\/wp-json\/wp\/v2\/pwb-brand?post=5259"},{"taxonomy":"product_brand","embeddable":true,"href":"https:\/\/exclusive-corporation.com\/en\/wp-json\/wp\/v2\/product_brand?post=5259"},{"taxonomy":"product_cat","embeddable":true,"href":"https:\/\/exclusive-corporation.com\/en\/wp-json\/wp\/v2\/product_cat?post=5259"},{"taxonomy":"product_tag","embeddable":true,"href":"https:\/\/exclusive-corporation.com\/en\/wp-json\/wp\/v2\/product_tag?post=5259"}],"curies":[{"name":"wp","href":"https:\/\/api.w.org\/{rel}","templated":true}]}}