{"id":5255,"date":"2025-08-14T12:21:56","date_gmt":"2025-08-14T12:21:56","guid":{"rendered":"https:\/\/exclusive-corporation.com\/?post_type=product&#038;p=5255"},"modified":"2025-08-14T12:28:33","modified_gmt":"2025-08-14T12:28:33","slug":"defnefol-400","status":"publish","type":"product","link":"https:\/\/exclusive-corporation.com\/en\/product\/defnefol-400\/","title":{"rendered":"DEFNEFOL 400"},"content":{"rendered":"<p>-P\u00ebrthithet p\u00ebrmes qelizave t\u00eb mukoz\u00ebs s\u00eb zorr\u00ebve, ku lirohet substrati aktiv 5-MTHR p\u00ebr akses t\u00eb menj\u00ebhersh\u00ebm t\u00eb qarkullimit t\u00eb gjakut.<\/p>\n<p>-Demonstroi rritje t\u00eb biodisponibilitetit oral dhe p\u00ebrmir\u00ebsim t\u00eb q\u00ebndrueshm\u00ebris\u00eb.<\/p>\n<p>-Redukton nivelet e homocistein\u00ebs n\u00eb qarkullim, nj\u00eb molekul\u00eb toksike p\u00ebr trupin i cili konsiderojet si nj\u00eb biomarker i mundsh\u00ebm p\u00ebr disa s\u00ebmundje kronike-degjenerative.<\/p>\n<p>\ud83e\udd30M\u00ebnyra e p\u00ebrdorimit :<br \/>\nNj\u00eb tablet\u00eb n\u00eb dit\u00eb n\u00ebn gjuh\u00eb!<\/p>","protected":false},"excerpt":{"rendered":"<p>DEFNEFOL 400 &#8211; tableta p\u00ebr p\u00ebrdorim oral me baz\u00eb Acidin Folik<\/p>\n<p>P\u00ebrthithet p\u00ebrmes qelizave t\u00eb mukoz\u00ebs s\u00eb zorr\u00ebve, ku lirohet substrati aktiv 5-MTHR p\u00ebr akses t\u00eb menj\u00ebhersh\u00ebm t\u00eb qarkullimit t\u00eb gjakut.<\/p>","protected":false},"featured_media":5258,"comment_status":"open","ping_status":"closed","template":"","meta":{"_acf_changed":false,"content-type":""},"pwb-brand":[],"product_brand":[],"product_cat":[88,86],"product_tag":[],"class_list":{"0":"post-5255","1":"product","2":"type-product","3":"status-publish","4":"has-post-thumbnail","6":"product_cat-shendeti-gruas","7":"product_cat-suplemente","9":"first","10":"instock","11":"shipping-taxable","12":"purchasable","13":"product-type-simple"},"acf":[],"brands":[],"_links":{"self":[{"href":"https:\/\/exclusive-corporation.com\/en\/wp-json\/wp\/v2\/product\/5255","targetHints":{"allow":["GET"]}}],"collection":[{"href":"https:\/\/exclusive-corporation.com\/en\/wp-json\/wp\/v2\/product"}],"about":[{"href":"https:\/\/exclusive-corporation.com\/en\/wp-json\/wp\/v2\/types\/product"}],"replies":[{"embeddable":true,"href":"https:\/\/exclusive-corporation.com\/en\/wp-json\/wp\/v2\/comments?post=5255"}],"wp:featuredmedia":[{"embeddable":true,"href":"https:\/\/exclusive-corporation.com\/en\/wp-json\/wp\/v2\/media\/5258"}],"wp:attachment":[{"href":"https:\/\/exclusive-corporation.com\/en\/wp-json\/wp\/v2\/media?parent=5255"}],"wp:term":[{"taxonomy":"pwb-brand","embeddable":true,"href":"https:\/\/exclusive-corporation.com\/en\/wp-json\/wp\/v2\/pwb-brand?post=5255"},{"taxonomy":"product_brand","embeddable":true,"href":"https:\/\/exclusive-corporation.com\/en\/wp-json\/wp\/v2\/product_brand?post=5255"},{"taxonomy":"product_cat","embeddable":true,"href":"https:\/\/exclusive-corporation.com\/en\/wp-json\/wp\/v2\/product_cat?post=5255"},{"taxonomy":"product_tag","embeddable":true,"href":"https:\/\/exclusive-corporation.com\/en\/wp-json\/wp\/v2\/product_tag?post=5255"}],"curies":[{"name":"wp","href":"https:\/\/api.w.org\/{rel}","templated":true}]}}