{"id":5251,"date":"2025-08-14T12:11:23","date_gmt":"2025-08-14T12:11:23","guid":{"rendered":"https:\/\/exclusive-corporation.com\/?post_type=product&#038;p=5251"},"modified":"2025-08-14T12:11:58","modified_gmt":"2025-08-14T12:11:58","slug":"cardio-vasc-plus","status":"publish","type":"product","link":"https:\/\/exclusive-corporation.com\/en\/product\/cardio-vasc-plus\/","title":{"rendered":"Cardio Vasc plus"},"content":{"rendered":"<p>\ud83e\udec0P\u00ebrb\u00ebr\u00ebsit aktiv dhe doza ditore :<\/p>\n<p>\u0415kstrakt lipid\u00ebsh i marr\u00eb nga speciet Krill \u2013 500 mg Antarktik ( Euphausia superba)nga t\u00eb cilat, Fosfolipidet- 280 mg<br \/>\nAcide yndyrore omega 3, prej t\u00eb cilave: 135 mg<br \/>\nAcidi eikozapentaenoik- 75 mg<br \/>\nAcidi dokozaheksaenoik- 35 mg<br \/>\nKolin- 35 mg<br \/>\nAstaksantin &#8211; 42.5\u03bcg<br \/>\nKoenzim \u2013 30 mg<br \/>\nHekur\u20135mg<br \/>\nZink\u20135mg<br \/>\nVitamin B6 \u2013 4.2 mg<br \/>\nSelen \u2013 20 mcg<br \/>\nVitamin B12- 9mcg<\/p>\n<p>\ud83e\udec0P\u00ebrdorimi i rekomanduar:<br \/>\nT\u00eb rriturit: 2 kapsula n\u00eb dit\u00eb, mund\u00ebsisht me m\u00ebngjes.<\/p>\n<p>\u270d\ufe0fSh\u00ebnime: Doza e rekomanduar nuk duhet t\u00eb tejkalohet. Suplementet ushqimore nuk mund t\u00eb p\u00ebrdoren si z\u00ebvend\u00ebsim p\u00ebr dieta t\u00eb ndryshme.<\/p>\n<p>\ud83d\udce2Paralajm\u00ebrim: Produkti nuk duhet t\u00eb p\u00ebrdoret nga njer\u00ebz t\u00eb cil\u00ebt jan\u00eb t\u00eb mbindjesh\u00ebm ndaj ushqimeve t\u00eb detit ose ndonj\u00eb prej p\u00ebrb\u00ebr\u00ebsve t\u00eb produktit. Grat\u00eb shtatz\u00ebna, n\u00ebnat me gji dhe personat q\u00eb marrin ila\u00e7e duhet t\u00eb konsultohen me mjekun p\u00ebrpara se t\u00eb p\u00ebrdorin produktin.<\/p>","protected":false},"excerpt":{"rendered":"<p>Cardio\u00aevasc plus \u00ebsht\u00eb nj\u00eb shtojc\u00eb ushqimore q\u00eb p\u00ebrmban ekstrakt lipidik t\u00eb fituar nga karkaleci i llojit<br \/>\nAntarktik Kril (Euphausia superba), i cili \u00ebsht\u00eb burim fosfolipid\u00ebsh, acidesh yndyrore omega 3, kolina dhe<br \/>\nastaksantine, n\u00eb kombinim me vitamina (B6, B12) dhe minerale (hekur, selen, zink).<\/p>","protected":false},"featured_media":5252,"comment_status":"open","ping_status":"closed","template":"","meta":{"_acf_changed":false,"content-type":""},"pwb-brand":[],"product_brand":[],"product_cat":[83],"product_tag":[],"class_list":{"0":"post-5251","1":"product","2":"type-product","3":"status-publish","4":"has-post-thumbnail","6":"product_cat-sirup","8":"first","9":"instock","10":"shipping-taxable","11":"purchasable","12":"product-type-simple"},"acf":[],"brands":[],"_links":{"self":[{"href":"https:\/\/exclusive-corporation.com\/en\/wp-json\/wp\/v2\/product\/5251","targetHints":{"allow":["GET"]}}],"collection":[{"href":"https:\/\/exclusive-corporation.com\/en\/wp-json\/wp\/v2\/product"}],"about":[{"href":"https:\/\/exclusive-corporation.com\/en\/wp-json\/wp\/v2\/types\/product"}],"replies":[{"embeddable":true,"href":"https:\/\/exclusive-corporation.com\/en\/wp-json\/wp\/v2\/comments?post=5251"}],"wp:featuredmedia":[{"embeddable":true,"href":"https:\/\/exclusive-corporation.com\/en\/wp-json\/wp\/v2\/media\/5252"}],"wp:attachment":[{"href":"https:\/\/exclusive-corporation.com\/en\/wp-json\/wp\/v2\/media?parent=5251"}],"wp:term":[{"taxonomy":"pwb-brand","embeddable":true,"href":"https:\/\/exclusive-corporation.com\/en\/wp-json\/wp\/v2\/pwb-brand?post=5251"},{"taxonomy":"product_brand","embeddable":true,"href":"https:\/\/exclusive-corporation.com\/en\/wp-json\/wp\/v2\/product_brand?post=5251"},{"taxonomy":"product_cat","embeddable":true,"href":"https:\/\/exclusive-corporation.com\/en\/wp-json\/wp\/v2\/product_cat?post=5251"},{"taxonomy":"product_tag","embeddable":true,"href":"https:\/\/exclusive-corporation.com\/en\/wp-json\/wp\/v2\/product_tag?post=5251"}],"curies":[{"name":"wp","href":"https:\/\/api.w.org\/{rel}","templated":true}]}}