{"id":5243,"date":"2025-08-14T11:44:10","date_gmt":"2025-08-14T11:44:10","guid":{"rendered":"https:\/\/exclusive-corporation.com\/?post_type=product&#038;p=5243"},"modified":"2025-10-13T14:05:14","modified_gmt":"2025-10-13T14:05:14","slug":"vitamin-e-oil","status":"publish","type":"product","link":"https:\/\/exclusive-corporation.com\/en\/product\/vitamin-e-oil\/","title":{"rendered":"Vitamin E Oil"},"content":{"rendered":"<p>Vaji i Vitamin\u00ebs E i Natures Aid \u00ebsht\u00eb formuluar me kujdes nga ekspert\u00ebt tan\u00eb t\u00eb brendsh\u00ebm duke kombinuar Vitamin\u00ebn E natyrale me Vaj Kokosi dhe Luledielli t\u00eb fraksionuar, p\u00ebr t\u00eb krijuar nj\u00eb suplement t\u00eb l\u00ebngsh\u00ebm t\u00eb Vitamin\u00ebs E t\u00eb leht\u00eb p\u00ebr t\u2019u p\u00ebrdorur dhe miq\u00ebsor ndaj vegan\u00ebve.\u00a0\u00a0\u00a0Thjesht shtoni 1 ml n\u00eb ushqim ose pije t\u00eb ftoht\u00eb, ose hidheni direkt nga pipeta n\u00eb goj\u00eb.\u00a0\u00a0\u00a0N\u00ebse \u00ebsht\u00eb e nevojshme, vaji yn\u00eb ushqyes i Vitamin\u00ebs E mund t\u00eb aplikohet edhe direkt n\u00eb l\u00ebkur\u00ebn tuaj. L\u00ebngu yn\u00eb praktik ofron 400iu Vitamin\u00eb E p\u00ebr doz\u00eb dhe nuk p\u00ebrmban OMGJ, gluten, maja, produkte qum\u00ebshti, arra dhe soj\u00eb, duke ju ofruar qet\u00ebsi shpirt\u00ebrore, pavar\u00ebsisht k\u00ebrkesave tuaja dietike.<\/p>\n<p style=\"font-weight: 400;\">","protected":false},"excerpt":{"rendered":"<p><span>Vitamina E ndihmon n\u00eb mbrojtjen e qelizave t\u00eb trupit nga stresi oksidativ. Kur skuqni ushqime, pini alkool, pini duhan ose trupi juaj \u00ebsht\u00eb i ekspozuar ndaj ndotjes ose pesticideve, substancat e quajtura radikale t\u00eb lira mund t\u00eb fillojn\u00eb t\u00eb grumbullohen n\u00eb trupin tuaj.\u00a0<\/span>\u00a0\u00a0<span>N\u00ebse nivelet e radikaleve t\u00eb lira fillojn\u00eb t\u00eb grumbullohen, ato mund t\u00eb shkaktojn\u00eb d\u00ebme n\u00eb qelizat tona, ky d\u00ebmtim shoq\u00ebrohet me plakjen dhe njihet si stres oksidativ.\u00a0<\/span>\u00a0\u00a0<span>Vitamina E mund t\u00eb ndihmoj\u00eb n\u00eb mbrojtjen e qelizave nga ky stres oksidativ.<\/span><\/p>","protected":false},"featured_media":5244,"comment_status":"open","ping_status":"closed","template":"","meta":{"_acf_changed":false,"content-type":""},"pwb-brand":[],"product_brand":[],"product_cat":[119,54,89],"product_tag":[],"class_list":{"0":"post-5243","1":"product","2":"type-product","3":"status-publish","4":"has-post-thumbnail","6":"product_cat-dermatologji","7":"product_cat-natures-aid","8":"product_cat-vitamina","10":"first","11":"instock","12":"shipping-taxable","13":"purchasable","14":"product-type-simple"},"acf":[],"brands":[],"_links":{"self":[{"href":"https:\/\/exclusive-corporation.com\/en\/wp-json\/wp\/v2\/product\/5243","targetHints":{"allow":["GET"]}}],"collection":[{"href":"https:\/\/exclusive-corporation.com\/en\/wp-json\/wp\/v2\/product"}],"about":[{"href":"https:\/\/exclusive-corporation.com\/en\/wp-json\/wp\/v2\/types\/product"}],"replies":[{"embeddable":true,"href":"https:\/\/exclusive-corporation.com\/en\/wp-json\/wp\/v2\/comments?post=5243"}],"wp:featuredmedia":[{"embeddable":true,"href":"https:\/\/exclusive-corporation.com\/en\/wp-json\/wp\/v2\/media\/5244"}],"wp:attachment":[{"href":"https:\/\/exclusive-corporation.com\/en\/wp-json\/wp\/v2\/media?parent=5243"}],"wp:term":[{"taxonomy":"pwb-brand","embeddable":true,"href":"https:\/\/exclusive-corporation.com\/en\/wp-json\/wp\/v2\/pwb-brand?post=5243"},{"taxonomy":"product_brand","embeddable":true,"href":"https:\/\/exclusive-corporation.com\/en\/wp-json\/wp\/v2\/product_brand?post=5243"},{"taxonomy":"product_cat","embeddable":true,"href":"https:\/\/exclusive-corporation.com\/en\/wp-json\/wp\/v2\/product_cat?post=5243"},{"taxonomy":"product_tag","embeddable":true,"href":"https:\/\/exclusive-corporation.com\/en\/wp-json\/wp\/v2\/product_tag?post=5243"}],"curies":[{"name":"wp","href":"https:\/\/api.w.org\/{rel}","templated":true}]}}