{"id":5240,"date":"2025-08-14T11:37:49","date_gmt":"2025-08-14T11:37:49","guid":{"rendered":"https:\/\/exclusive-corporation.com\/?post_type=product&#038;p=5240"},"modified":"2025-08-14T11:41:02","modified_gmt":"2025-08-14T11:41:02","slug":"5240","status":"publish","type":"product","link":"https:\/\/exclusive-corporation.com\/en\/product\/5240\/","title":{"rendered":"Cod Liver Oil"},"content":{"rendered":"<p>P\u00ebrb\u00ebr\u00ebsit<\/p>\n<p>Vaj i past\u00ebr m\u00ebl\u00e7ie merluci (peshku), xhelatin\u00eb (gjedhi), glicerin\u00eb, palmitat vitamine A, preparat vitamine D3 (kolekalciferol n\u00eb vaj perimesh).<\/p>","protected":false},"excerpt":{"rendered":"<p>\u00c7do kapsul\u00eb 1000 mg e vajit ton\u00eb t\u00eb m\u00ebl\u00e7is\u00eb s\u00eb merlucit me fuqi t\u00eb lart\u00eb \u00ebsht\u00eb nj\u00eb burim i vitamin\u00ebs A, vitamin\u00ebs D dhe acideve yndyrore Omega-3, duke p\u00ebrfshir\u00eb DHA dhe EPA.<\/p>\n<p>Vitamina D ndihmon n\u00eb ruajtjen e niveleve normale t\u00eb kalciumit n\u00eb gjak, funksionit normal imunitar, funksionit normal t\u00eb muskujve dhe mir\u00ebmbajtjes s\u00eb dh\u00ebmb\u00ebve normal\u00eb, nd\u00ebrsa Vitamina A kontribuon n\u00eb l\u00ebkur\u00ebn normale, shikimin normal dhe funksionin normal t\u00eb sistemit imunitar. Gjithashtu mb\u00ebshtet funksionin e mukozave tuaja, t\u00eb cilat gjenden n\u00eb t\u00eb gjith\u00eb trupin, duke p\u00ebrfshir\u00eb sistemin tret\u00ebs dhe traktin urinar.<\/p>","protected":false},"featured_media":5241,"comment_status":"open","ping_status":"closed","template":"","meta":{"_acf_changed":false,"content-type":""},"pwb-brand":[],"product_brand":[],"product_cat":[54,83],"product_tag":[],"class_list":{"0":"post-5240","1":"product","2":"type-product","3":"status-publish","4":"has-post-thumbnail","6":"product_cat-natures-aid","7":"product_cat-sirup","9":"first","10":"instock","11":"shipping-taxable","12":"purchasable","13":"product-type-simple"},"acf":[],"brands":[],"_links":{"self":[{"href":"https:\/\/exclusive-corporation.com\/en\/wp-json\/wp\/v2\/product\/5240","targetHints":{"allow":["GET"]}}],"collection":[{"href":"https:\/\/exclusive-corporation.com\/en\/wp-json\/wp\/v2\/product"}],"about":[{"href":"https:\/\/exclusive-corporation.com\/en\/wp-json\/wp\/v2\/types\/product"}],"replies":[{"embeddable":true,"href":"https:\/\/exclusive-corporation.com\/en\/wp-json\/wp\/v2\/comments?post=5240"}],"wp:featuredmedia":[{"embeddable":true,"href":"https:\/\/exclusive-corporation.com\/en\/wp-json\/wp\/v2\/media\/5241"}],"wp:attachment":[{"href":"https:\/\/exclusive-corporation.com\/en\/wp-json\/wp\/v2\/media?parent=5240"}],"wp:term":[{"taxonomy":"pwb-brand","embeddable":true,"href":"https:\/\/exclusive-corporation.com\/en\/wp-json\/wp\/v2\/pwb-brand?post=5240"},{"taxonomy":"product_brand","embeddable":true,"href":"https:\/\/exclusive-corporation.com\/en\/wp-json\/wp\/v2\/product_brand?post=5240"},{"taxonomy":"product_cat","embeddable":true,"href":"https:\/\/exclusive-corporation.com\/en\/wp-json\/wp\/v2\/product_cat?post=5240"},{"taxonomy":"product_tag","embeddable":true,"href":"https:\/\/exclusive-corporation.com\/en\/wp-json\/wp\/v2\/product_tag?post=5240"}],"curies":[{"name":"wp","href":"https:\/\/api.w.org\/{rel}","templated":true}]}}