{"id":5238,"date":"2025-08-14T11:34:54","date_gmt":"2025-08-14T11:34:54","guid":{"rendered":"https:\/\/exclusive-corporation.com\/?post_type=product&#038;p=5238"},"modified":"2025-08-14T11:35:19","modified_gmt":"2025-08-14T11:35:19","slug":"pregnatol-active-folate-vit-b12","status":"publish","type":"product","link":"https:\/\/exclusive-corporation.com\/en\/product\/pregnatol-active-folate-vit-b12\/","title":{"rendered":"Pregnatol Active Folate + Vit B12"},"content":{"rendered":"<p>Roli n\u00eb ndarjen qelizore<\/p>\n<div id=\"collapseInfo2\" class=\"accordion-collapse collapse show\" aria-labelledby=\"headingOne\" data-bs-parent=\"#accordionExample\">\n<div class=\"accordion-body\">\n<p>Vitaminat B9 (folati) dhe B12 luajn\u00eb nj\u00eb rol n\u00eb ndarjen qelizore dhe kontribuojn\u00eb n\u00eb funksionin normal psikologjik, metabolizmin normal t\u00eb homocistein\u00ebs, uljen e lodhjes dhe rraskapitjes, si dhe funksionin normal t\u00eb sistemit imunitar. N\u00eb bashk\u00ebpunim me vitamin\u00ebn B12, koenzima e folatit mund\u00ebson shnd\u00ebrrimin e aminoacidit t\u00eb lartp\u00ebrmendur homocistein\u00eb n\u00eb metionin\u00eb.<\/p>\n<p>Nivelet e ul\u00ebta t\u00eb folatit jan\u00eb nj\u00eb faktor rreziku p\u00ebr d\u00ebmtimin e tubit nervor n\u00eb fetus.<\/p>\n<p>Folatet kontribuojn\u00eb n\u00eb sintez\u00ebn normale t\u00eb aminoacideve, rritjen e indeve t\u00eb n\u00ebn\u00ebs gjat\u00eb shtatz\u00ebnis\u00eb dhe formimin normal t\u00eb gjakut. Nivelet e ul\u00ebta t\u00eb folatit jan\u00eb nj\u00eb faktor rreziku p\u00ebr d\u00ebmtimin e tubit nervor n\u00eb fetus. Efekti i dobish\u00ebm arrihet me nj\u00eb marrje prej t\u00eb pakt\u00ebn 400 \u00b5g p\u00ebr t\u00eb pakt\u00ebn nj\u00eb muaj para dhe tre muaj pas konceptimit.<\/p>\n<p>Folat n\u00eb form\u00eb aktive<\/p>\n<div id=\"collapseInfo3\" class=\"accordion-collapse collapse show\" aria-labelledby=\"headingOne\" data-bs-parent=\"#accordionExample\">\n<div class=\"accordion-body\">\n<p>Pregnatol Active Folate + Vit B12 p\u00ebrmban folat n\u00eb form\u00eb aktive n\u00ebn mark\u00ebn tregtare QUATREFOLIC\u00ae. Quatrefolic\u00ae \u00ebsht\u00eb folat &#8211; krip\u00eb glukozamine e acidit folik, n\u00eb form\u00ebn e tij natyrale. Nga struktura, \u00ebsht\u00eb nj\u00eb form\u00eb aktive e acidit folik &#8211; enzimat n\u00eb trup nuk jan\u00eb t\u00eb nevojshme p\u00ebr aktivizimin dhe shfryt\u00ebzimin e tij. \u00cbsht\u00eb n\u00eb form\u00ebn e krip\u00ebs q\u00eb folatet gjenden natyrsh\u00ebm n\u00eb ushqime (perime jeshile). P\u00ebrve\u00e7 k\u00ebsaj, krip\u00ebrat e glukozamin\u00ebs gjenden natyrsh\u00ebm n\u00eb trupin ton\u00eb.<\/p>\n<\/div>\n<\/div>\n<p>&nbsp;<\/p>\n<\/div>\n<\/div>","protected":false},"excerpt":{"rendered":"<p>Pregnatol Active Folate + Vit B12 p\u00ebrmban folat dhe vitamin\u00eb B12 n\u00eb forma natyrale, t\u00eb cilat jan\u00eb aktive dhe shfryt\u00ebzohen plot\u00ebsisht n\u00eb m\u00ebnyr\u00eb t\u00eb sigurt n\u00eb trup. \u00cbsht\u00eb i destinuar p\u00ebr grat\u00eb q\u00eb po p\u00ebrgatiten dhe duan t\u00eb mbeten shtatz\u00ebn\u00eb, si dhe p\u00ebr grat\u00eb shtatz\u00ebna. P\u00ebrdorimi rekomandohet n\u00eb periudh\u00ebn para shtatz\u00ebnis\u00eb s\u00eb planifikuar dhe gjat\u00eb gjith\u00eb shtatz\u00ebnis\u00eb.<\/p>","protected":false},"featured_media":5239,"comment_status":"open","ping_status":"closed","template":"","meta":{"_acf_changed":false,"content-type":""},"pwb-brand":[],"product_brand":[],"product_cat":[85],"product_tag":[],"class_list":{"0":"post-5238","1":"product","2":"type-product","3":"status-publish","4":"has-post-thumbnail","6":"product_cat-4u-pharma","8":"first","9":"instock","10":"shipping-taxable","11":"purchasable","12":"product-type-simple"},"acf":[],"brands":[],"_links":{"self":[{"href":"https:\/\/exclusive-corporation.com\/en\/wp-json\/wp\/v2\/product\/5238","targetHints":{"allow":["GET"]}}],"collection":[{"href":"https:\/\/exclusive-corporation.com\/en\/wp-json\/wp\/v2\/product"}],"about":[{"href":"https:\/\/exclusive-corporation.com\/en\/wp-json\/wp\/v2\/types\/product"}],"replies":[{"embeddable":true,"href":"https:\/\/exclusive-corporation.com\/en\/wp-json\/wp\/v2\/comments?post=5238"}],"wp:featuredmedia":[{"embeddable":true,"href":"https:\/\/exclusive-corporation.com\/en\/wp-json\/wp\/v2\/media\/5239"}],"wp:attachment":[{"href":"https:\/\/exclusive-corporation.com\/en\/wp-json\/wp\/v2\/media?parent=5238"}],"wp:term":[{"taxonomy":"pwb-brand","embeddable":true,"href":"https:\/\/exclusive-corporation.com\/en\/wp-json\/wp\/v2\/pwb-brand?post=5238"},{"taxonomy":"product_brand","embeddable":true,"href":"https:\/\/exclusive-corporation.com\/en\/wp-json\/wp\/v2\/product_brand?post=5238"},{"taxonomy":"product_cat","embeddable":true,"href":"https:\/\/exclusive-corporation.com\/en\/wp-json\/wp\/v2\/product_cat?post=5238"},{"taxonomy":"product_tag","embeddable":true,"href":"https:\/\/exclusive-corporation.com\/en\/wp-json\/wp\/v2\/product_tag?post=5238"}],"curies":[{"name":"wp","href":"https:\/\/api.w.org\/{rel}","templated":true}]}}