{"id":5233,"date":"2025-08-14T11:23:45","date_gmt":"2025-08-14T11:23:45","guid":{"rendered":"https:\/\/exclusive-corporation.com\/?post_type=product&#038;p=5233"},"modified":"2025-08-14T12:18:07","modified_gmt":"2025-08-14T12:18:07","slug":"pregnatol-dha-capsules","status":"publish","type":"product","link":"https:\/\/exclusive-corporation.com\/en\/product\/pregnatol-dha-capsules\/","title":{"rendered":"Pregnatol DHA Capsules"},"content":{"rendered":"","protected":false},"excerpt":{"rendered":"<p>Pregnatol DHA \u00ebsht\u00eb nj\u00eb suplement dietik i destinuar p\u00ebr p\u00ebrdorim gjat\u00eb gjith\u00eb shtatz\u00ebnis\u00eb dhe ushqyerjes me gji, i cili p\u00ebrmban vaj natyral t\u00eb mikroalgave me DHA (dokoza).<\/p>","protected":false},"featured_media":5234,"comment_status":"open","ping_status":"closed","template":"","meta":{"_acf_changed":false,"content-type":""},"pwb-brand":[],"product_brand":[],"product_cat":[85,88],"product_tag":[],"class_list":{"0":"post-5233","1":"product","2":"type-product","3":"status-publish","4":"has-post-thumbnail","6":"product_cat-4u-pharma","7":"product_cat-shendeti-gruas","9":"first","10":"instock","11":"shipping-taxable","12":"purchasable","13":"product-type-simple"},"acf":[],"brands":[],"_links":{"self":[{"href":"https:\/\/exclusive-corporation.com\/en\/wp-json\/wp\/v2\/product\/5233","targetHints":{"allow":["GET"]}}],"collection":[{"href":"https:\/\/exclusive-corporation.com\/en\/wp-json\/wp\/v2\/product"}],"about":[{"href":"https:\/\/exclusive-corporation.com\/en\/wp-json\/wp\/v2\/types\/product"}],"replies":[{"embeddable":true,"href":"https:\/\/exclusive-corporation.com\/en\/wp-json\/wp\/v2\/comments?post=5233"}],"wp:featuredmedia":[{"embeddable":true,"href":"https:\/\/exclusive-corporation.com\/en\/wp-json\/wp\/v2\/media\/5234"}],"wp:attachment":[{"href":"https:\/\/exclusive-corporation.com\/en\/wp-json\/wp\/v2\/media?parent=5233"}],"wp:term":[{"taxonomy":"pwb-brand","embeddable":true,"href":"https:\/\/exclusive-corporation.com\/en\/wp-json\/wp\/v2\/pwb-brand?post=5233"},{"taxonomy":"product_brand","embeddable":true,"href":"https:\/\/exclusive-corporation.com\/en\/wp-json\/wp\/v2\/product_brand?post=5233"},{"taxonomy":"product_cat","embeddable":true,"href":"https:\/\/exclusive-corporation.com\/en\/wp-json\/wp\/v2\/product_cat?post=5233"},{"taxonomy":"product_tag","embeddable":true,"href":"https:\/\/exclusive-corporation.com\/en\/wp-json\/wp\/v2\/product_tag?post=5233"}],"curies":[{"name":"wp","href":"https:\/\/api.w.org\/{rel}","templated":true}]}}