{"id":5140,"date":"2025-08-07T14:25:46","date_gmt":"2025-08-07T14:25:46","guid":{"rendered":"https:\/\/exclusive-corporation.com\/?post_type=product&#038;p=5140"},"modified":"2025-10-13T15:21:57","modified_gmt":"2025-10-13T15:21:57","slug":"selitop","status":"publish","type":"product","link":"https:\/\/exclusive-corporation.com\/en\/product\/selitop\/","title":{"rendered":"Selitop\u00ae"},"content":{"rendered":"<p>P\u00ebrb\u00ebr\u00ebsit: \u00ebmb\u00eblsues: sorbitol, L-selenomethionine, maja e pasuruar me selen (0.2%), agjent kund\u00ebr grimcimit: mono- dhe digliceride t\u00eb acideve yndyrore, aroma, rregulluesi i aciditetit: acid citrik, agjent kund\u00ebr ngjitjes: dioksid silikoni, krip\u00ebra magnezi e acideve yndyrore, \u00ebmb\u00eblsues: sukraloz\u00eb.<br \/>\nProdukti nuk p\u00ebrmban laktoz\u00eb dhe gluten.<\/p>\n<p>M\u00ebnyra e p\u00ebrdorimit: T\u00eb rriturit: nj\u00eb tablet\u00eb n\u00eb dit\u00eb. Tableta lihet t\u00eb tretet n\u00eb goj\u00eb dhe t\u00eb g\u00eblltitet.<\/p>\n<p>Sh\u00ebnime: Produkti \u00ebsht\u00eb nj\u00eb nutritiv ushqimor jo i plot\u00eb. F\u00ebmijet t\u00eb mos ken\u00eb qasje n\u00eb k\u00ebt\u00eb produkt.<br \/>\nParalajm\u00ebrime: Produkti nuk \u00ebsht\u00eb i destinuar p\u00ebr personat n\u00ebn 18 vje\u00e7, as p\u00ebr personat q\u00eb jan\u00eb t\u00eb mbindjesh\u00ebm ndaj ndonj\u00eb prej p\u00ebrb\u00ebr\u00ebsve t\u00eb tij. P\u00ebrdorimi i tep\u00ebrt mund t\u00eb shkaktoj\u00eb nj\u00eb efekt laksativ.<\/p>","protected":false},"excerpt":{"rendered":"<p>Selitop\u00ae, tabletat orodisperzibile jan\u00eb t\u00eb destinuara p\u00ebr persona me s\u00ebmundje t\u00eb gj\u00ebndr\u00ebs tiroide ose gjendje t\u00eb tjera me nevoja t\u00eb rritura p\u00ebr selen, me konsultimin e detyruesh\u00ebm t\u00eb mjekut.<\/p>\n<p>P\u00ebrb\u00ebr\u00ebsit aktiv:<br \/>\nSelen &#8211; 200mcg<\/p>","protected":false},"featured_media":5141,"comment_status":"open","ping_status":"closed","template":"","meta":{"_acf_changed":false,"content-type":""},"pwb-brand":[],"product_brand":[],"product_cat":[117,108],"product_tag":[],"class_list":{"0":"post-5140","1":"product","2":"type-product","3":"status-publish","4":"has-post-thumbnail","6":"product_cat-endokrinologji","7":"product_cat-vemax","9":"first","10":"instock","11":"shipping-taxable","12":"purchasable","13":"product-type-simple"},"acf":[],"brands":[],"_links":{"self":[{"href":"https:\/\/exclusive-corporation.com\/en\/wp-json\/wp\/v2\/product\/5140","targetHints":{"allow":["GET"]}}],"collection":[{"href":"https:\/\/exclusive-corporation.com\/en\/wp-json\/wp\/v2\/product"}],"about":[{"href":"https:\/\/exclusive-corporation.com\/en\/wp-json\/wp\/v2\/types\/product"}],"replies":[{"embeddable":true,"href":"https:\/\/exclusive-corporation.com\/en\/wp-json\/wp\/v2\/comments?post=5140"}],"wp:featuredmedia":[{"embeddable":true,"href":"https:\/\/exclusive-corporation.com\/en\/wp-json\/wp\/v2\/media\/5141"}],"wp:attachment":[{"href":"https:\/\/exclusive-corporation.com\/en\/wp-json\/wp\/v2\/media?parent=5140"}],"wp:term":[{"taxonomy":"pwb-brand","embeddable":true,"href":"https:\/\/exclusive-corporation.com\/en\/wp-json\/wp\/v2\/pwb-brand?post=5140"},{"taxonomy":"product_brand","embeddable":true,"href":"https:\/\/exclusive-corporation.com\/en\/wp-json\/wp\/v2\/product_brand?post=5140"},{"taxonomy":"product_cat","embeddable":true,"href":"https:\/\/exclusive-corporation.com\/en\/wp-json\/wp\/v2\/product_cat?post=5140"},{"taxonomy":"product_tag","embeddable":true,"href":"https:\/\/exclusive-corporation.com\/en\/wp-json\/wp\/v2\/product_tag?post=5140"}],"curies":[{"name":"wp","href":"https:\/\/api.w.org\/{rel}","templated":true}]}}