{"id":5130,"date":"2025-08-07T14:05:28","date_gmt":"2025-08-07T14:05:28","guid":{"rendered":"https:\/\/exclusive-corporation.com\/?post_type=product&#038;p=5130"},"modified":"2025-10-13T14:49:08","modified_gmt":"2025-10-13T14:49:08","slug":"5130","status":"publish","type":"product","link":"https:\/\/exclusive-corporation.com\/en\/product\/5130\/","title":{"rendered":"Alpine Balm"},"content":{"rendered":"<p>Directions for use:<br \/>\nAlpine Balm \u00ebsht\u00eb ekskluzivisht p\u00ebr p\u00ebrdorim t\u00eb jasht\u00ebm.<\/p>\n<p>Mjafton t\u00eb aplikoni kremin n\u00eb zon\u00ebn q\u00eb keni dhimbje dhe pas disa minutash do t\u00eb vini re ndryshimin dhe veprimin efektiv.<\/p>","protected":false},"excerpt":{"rendered":"<p>Alpine Balm &#8211; ndihmon n\u00eb problemet: si s\u00ebmundjet reumatizmale, qarkullimin e dob\u00ebt t\u00eb gjakut, inflamacionin e muskujve, ngurt\u00ebsimin dhe dhimbjen e qaf\u00ebs, shpatullave, shpin\u00ebs dhe \u00ebsht\u00eb efektiv edhe pas st\u00ebrvitjes si parandalues i d\u00ebmtimeve sportive<\/p>","protected":false},"featured_media":5131,"comment_status":"open","ping_status":"closed","template":"","meta":{"_acf_changed":false,"content-type":""},"pwb-brand":[],"product_brand":[],"product_cat":[113,100,144],"product_tag":[],"class_list":{"0":"post-5130","1":"product","2":"type-product","3":"status-publish","4":"has-post-thumbnail","6":"product_cat-dermakozmetika","7":"product_cat-natures-germany","8":"product_cat-ortopedi","10":"first","11":"instock","12":"shipping-taxable","13":"purchasable","14":"product-type-simple"},"acf":[],"brands":[],"_links":{"self":[{"href":"https:\/\/exclusive-corporation.com\/en\/wp-json\/wp\/v2\/product\/5130","targetHints":{"allow":["GET"]}}],"collection":[{"href":"https:\/\/exclusive-corporation.com\/en\/wp-json\/wp\/v2\/product"}],"about":[{"href":"https:\/\/exclusive-corporation.com\/en\/wp-json\/wp\/v2\/types\/product"}],"replies":[{"embeddable":true,"href":"https:\/\/exclusive-corporation.com\/en\/wp-json\/wp\/v2\/comments?post=5130"}],"wp:featuredmedia":[{"embeddable":true,"href":"https:\/\/exclusive-corporation.com\/en\/wp-json\/wp\/v2\/media\/5131"}],"wp:attachment":[{"href":"https:\/\/exclusive-corporation.com\/en\/wp-json\/wp\/v2\/media?parent=5130"}],"wp:term":[{"taxonomy":"pwb-brand","embeddable":true,"href":"https:\/\/exclusive-corporation.com\/en\/wp-json\/wp\/v2\/pwb-brand?post=5130"},{"taxonomy":"product_brand","embeddable":true,"href":"https:\/\/exclusive-corporation.com\/en\/wp-json\/wp\/v2\/product_brand?post=5130"},{"taxonomy":"product_cat","embeddable":true,"href":"https:\/\/exclusive-corporation.com\/en\/wp-json\/wp\/v2\/product_cat?post=5130"},{"taxonomy":"product_tag","embeddable":true,"href":"https:\/\/exclusive-corporation.com\/en\/wp-json\/wp\/v2\/product_tag?post=5130"}],"curies":[{"name":"wp","href":"https:\/\/api.w.org\/{rel}","templated":true}]}}