{"id":5125,"date":"2025-08-07T12:37:34","date_gmt":"2025-08-07T12:37:34","guid":{"rendered":"https:\/\/exclusive-corporation.com\/?post_type=product&#038;p=5125"},"modified":"2025-09-03T14:37:10","modified_gmt":"2025-09-03T14:37:10","slug":"l-arginine-hci","status":"publish","type":"product","link":"https:\/\/exclusive-corporation.com\/en\/product\/l-arginine-hci\/","title":{"rendered":"L-arginine HCI"},"content":{"rendered":"<p style=\"font-weight: 400;\">Ekzistojn\u00eb 20 aminoacide q\u00eb p\u00ebrdoren nga trupi i njeriut p\u00ebr t\u00eb nd\u00ebrtuar proteina &#8211; proteina ndihmon n\u00eb mb\u00ebshtetjen e mir\u00ebmbajtjes s\u00eb mas\u00ebs muskulore dhe kockave normale. Nga k\u00ebto 20 aminoacide, 9 klasifikohen si aminoacide thelb\u00ebsore, q\u00eb do t\u00eb thot\u00eb se trupi yn\u00eb nuk mund t&#8217;i prodhoj\u00eb ato dhe ne duhet t&#8217;i marrim nga dieta jon\u00eb, duke ngr\u00ebn\u00eb ushqime t\u00eb pasura me proteina.<\/p>\n<p style=\"font-weight: 400;\">Aminoacidet e mbetura klasifikohen si &#8216;aminoacide t\u00eb kusht\u00ebzuara&#8217;, q\u00eb do t\u00eb thot\u00eb se n\u00eb p\u00ebrgjith\u00ebsi ato nuk jan\u00eb thelb\u00ebsore, p\u00ebrve\u00e7 n\u00eb koh\u00eb s\u00ebmundjesh dhe stresi. Aminoacidet &#8216;t\u00eb kusht\u00ebzuara&#8217; p\u00ebrfshijn\u00eb: Arginin\u00ebn, Cistein\u00ebn, Glutamin\u00ebn, Glicin\u00ebn, Prolin\u00ebn, Serin\u00ebn dhe Tirozin\u00ebn.<\/p>\n<div class=\"product-slice slice-large slice-small slice-upselling\" data-set=\"append--product-slice--s14957227875187\">\n<div class=\"product-slice--s14957227875187\">\n<div id=\"js-product-upselling-holder-175457018385172\" class=\"product-upselling-holder\">\n<div class=\"upselling\">\n<p>Mb\u00ebshtetja e sh\u00ebndetit kardiovaskular: Roli i L-arginin\u00ebs n\u00eb promovimin e zgjerimit t\u00eb en\u00ebve t\u00eb gjakut dhe p\u00ebrmir\u00ebsimin e rrjedhjes s\u00eb gjakut.Ndihmon me mosfunksionimin erektil duke p\u00ebrmir\u00ebsuar rrjedhjen e gjakut n\u00eb zon\u00ebn gjenitale.<\/p>\n<p>P\u00ebrmir\u00ebsimi i performanc\u00ebs atletike: Disa atlet\u00eb dhe bodybuilders marrin suplemente L-arginine p\u00ebr t\u00eb rritur performanc\u00ebn e tyre n\u00eb st\u00ebrvitje dhe p\u00ebr t\u00eb rritur mas\u00ebn muskulore.<\/p>\n<\/div>\n<\/div>\n<\/div>\n<\/div>","protected":false},"excerpt":{"rendered":"<p data-pm-slice=\"1 1 []\">L-arginina \u00ebsht\u00eb nj\u00eb aminoacid q\u00eb luan nj\u00eb rol vendimtar n\u00eb procese t\u00eb ndryshme fiziologjike n\u00eb trup. Ai \u00ebsht\u00eb i p\u00ebrfshir\u00eb n\u00eb prodhimin e oksidit nitrik, nj\u00eb p\u00ebrb\u00ebr\u00ebs q\u00eb ndihmon n\u00eb relaksimin dhe zgjerimin e en\u00ebve t\u00eb gjakut, duke p\u00ebrmir\u00ebsuar rrjedh\u00ebn e gjakut.<\/p>\n<p>Suplementet L-arginine, t\u00eb disponueshme n\u00eb form\u00eb tabletash p\u00ebrdoren p\u00ebr disa q\u00ebllime t\u00eb caktuara si:<\/p>\n<p>Rritja e funksionit imunitar: L-arginina \u00ebsht\u00eb e p\u00ebrfshir\u00eb n\u00eb procese t\u00eb ndryshme t\u00eb sistemit imunitar, duke p\u00ebrfshir\u00eb sh\u00ebrimin e plag\u00ebve dhe funksionin e qelizave imune.<\/p>\n<p>&nbsp;<\/p>","protected":false},"featured_media":5126,"comment_status":"open","ping_status":"closed","template":"","meta":{"_acf_changed":false,"content-type":""},"pwb-brand":[],"product_brand":[],"product_cat":[54,89],"product_tag":[],"class_list":{"0":"post-5125","1":"product","2":"type-product","3":"status-publish","4":"has-post-thumbnail","6":"product_cat-natures-aid","7":"product_cat-vitamina","9":"first","10":"instock","11":"shipping-taxable","12":"purchasable","13":"product-type-simple"},"acf":[],"brands":[],"_links":{"self":[{"href":"https:\/\/exclusive-corporation.com\/en\/wp-json\/wp\/v2\/product\/5125","targetHints":{"allow":["GET"]}}],"collection":[{"href":"https:\/\/exclusive-corporation.com\/en\/wp-json\/wp\/v2\/product"}],"about":[{"href":"https:\/\/exclusive-corporation.com\/en\/wp-json\/wp\/v2\/types\/product"}],"replies":[{"embeddable":true,"href":"https:\/\/exclusive-corporation.com\/en\/wp-json\/wp\/v2\/comments?post=5125"}],"wp:featuredmedia":[{"embeddable":true,"href":"https:\/\/exclusive-corporation.com\/en\/wp-json\/wp\/v2\/media\/5126"}],"wp:attachment":[{"href":"https:\/\/exclusive-corporation.com\/en\/wp-json\/wp\/v2\/media?parent=5125"}],"wp:term":[{"taxonomy":"pwb-brand","embeddable":true,"href":"https:\/\/exclusive-corporation.com\/en\/wp-json\/wp\/v2\/pwb-brand?post=5125"},{"taxonomy":"product_brand","embeddable":true,"href":"https:\/\/exclusive-corporation.com\/en\/wp-json\/wp\/v2\/product_brand?post=5125"},{"taxonomy":"product_cat","embeddable":true,"href":"https:\/\/exclusive-corporation.com\/en\/wp-json\/wp\/v2\/product_cat?post=5125"},{"taxonomy":"product_tag","embeddable":true,"href":"https:\/\/exclusive-corporation.com\/en\/wp-json\/wp\/v2\/product_tag?post=5125"}],"curies":[{"name":"wp","href":"https:\/\/api.w.org\/{rel}","templated":true}]}}